{"id":52,"date":"2026-02-23T21:49:29","date_gmt":"2026-02-23T21:49:29","guid":{"rendered":"https:\/\/neuralis.fi\/?page_id=52"},"modified":"2026-02-23T21:49:29","modified_gmt":"2026-02-23T21:49:29","slug":"tietosuojaseloste","status":"publish","type":"page","link":"https:\/\/neuralis.fi\/?page_id=52","title":{"rendered":"\/\/\/\/\/ TIETOSUOJASELOSTE \/\/\/\/\/"},"content":{"rendered":"\n<p>.I. INTERAKTION POISKYTKENT\u00c4: Neuralis.fi on yksisuuntainen informaation k\u00e4sittelyj\u00e4rjestelm\u00e4. J\u00e4rjestelm\u00e4 ei hyv\u00e4ksy kommentteja, rekister\u00f6itymisi\u00e4 tai k\u00e4ytt\u00e4j\u00e4sy\u00f6tteit\u00e4.<\/p>\n\n\n\n<p>\u200bII. TEKNINEN LOKI: Palvelin tallentaa vain tekniset lokitiedot (IP-osoite, aikaleima) tietoturvan varmistamiseksi. T\u00e4t\u00e4 dataa ei analysoida, profiloida tai luovuteta eteenp\u00e4in.<\/p>\n\n\n\n<p>.\u200bIII. EV\u00c4STEET: Nolla (0). J\u00e4rjestelm\u00e4 ei aseta seurantatiedostoja.<\/p>\n","protected":false},"excerpt":{"rendered":"<p>.I. INTERAKTION POISKYTKENT\u00c4: Neuralis.fi on yksisuuntainen informaation k\u00e4sittelyj\u00e4rjestelm\u00e4. J\u00e4rjestelm\u00e4 ei hyv\u00e4ksy kommentteja, rekister\u00f6itymisi\u00e4 tai k\u00e4ytt\u00e4j\u00e4sy\u00f6tteit\u00e4. \u200bII. TEKNINEN LOKI: Palvelin tallentaa vain tekniset lokitiedot (IP-osoite, aikaleima) tietoturvan varmistamiseksi. T\u00e4t\u00e4 dataa ei analysoida, profiloida tai luovuteta eteenp\u00e4in. .\u200bIII. EV\u00c4STEET: Nolla (0). J\u00e4rjestelm\u00e4 ei aseta seurantatiedostoja.<\/p>\n","protected":false},"author":1,"featured_media":0,"parent":0,"menu_order":0,"comment_status":"closed","ping_status":"closed","template":"","meta":{"footnotes":""},"class_list":["post-52","page","type-page","status-publish","hentry"],"jetpack_sharing_enabled":true,"_links":{"self":[{"href":"https:\/\/neuralis.fi\/index.php?rest_route=\/wp\/v2\/pages\/52","targetHints":{"allow":["GET"]}}],"collection":[{"href":"https:\/\/neuralis.fi\/index.php?rest_route=\/wp\/v2\/pages"}],"about":[{"href":"https:\/\/neuralis.fi\/index.php?rest_route=\/wp\/v2\/types\/page"}],"author":[{"embeddable":true,"href":"https:\/\/neuralis.fi\/index.php?rest_route=\/wp\/v2\/users\/1"}],"replies":[{"embeddable":true,"href":"https:\/\/neuralis.fi\/index.php?rest_route=%2Fwp%2Fv2%2Fcomments&post=52"}],"version-history":[{"count":1,"href":"https:\/\/neuralis.fi\/index.php?rest_route=\/wp\/v2\/pages\/52\/revisions"}],"predecessor-version":[{"id":55,"href":"https:\/\/neuralis.fi\/index.php?rest_route=\/wp\/v2\/pages\/52\/revisions\/55"}],"wp:attachment":[{"href":"https:\/\/neuralis.fi\/index.php?rest_route=%2Fwp%2Fv2%2Fmedia&parent=52"}],"curies":[{"name":"wp","href":"https:\/\/api.w.org\/{rel}","templated":true}]}}